{"id":2076,"date":"2024-11-13T13:59:39","date_gmt":"2024-11-13T13:59:39","guid":{"rendered":"https:\/\/hidma.de\/?page_id=2076"},"modified":"2024-11-13T13:59:39","modified_gmt":"2024-11-13T13:59:39","slug":"datenschutzerklarung","status":"publish","type":"page","link":"https:\/\/hidma.de\/bs\/datenschutzerklarung\/","title":{"rendered":"Datenschutzerkl\u00e4rung"},"content":{"rendered":"<p><strong>1. Allgemeine Informationen<\/strong><\/p>\n<p>Wir nehmen den Schutz Ihrer pers\u00f6nlichen Daten sehr ernst und behandeln Ihre personenbezogenen Daten vertraulich und gem\u00e4\u00df der gesetzlichen Datenschutzvorschriften sowie dieser Datenschutzerkl\u00e4rung. Wenn Sie diese Website benutzen, werden verschiedene personenbezogene Daten erhoben. Personenbezogene Daten sind Daten, mit denen Sie pers\u00f6nlich identifiziert werden k\u00f6nnen.<\/p>\n<p><strong>2. Verantwortliche Stelle<\/strong><\/p>\n<p>Die verantwortliche Stelle f\u00fcr die Datenverarbeitung auf dieser Website ist:<\/p>\n<p>Hidma Reisen<br \/>\nAdresse: Hidma GmbH<br \/>\nEgerl\u00e4nder Stra\u00dfe 20<br \/>\n82024 Taufkirchen<\/p>\n<p>Telefon: (089) 896 44 729<\/p>\n<p>E-Mail: hidmatravel@gmail.com<\/p>\n<p><strong>3. Erhebung und Verarbeitung personenbezogener Daten<\/strong><\/p>\n<p>Wir erheben und verarbeiten Ihre Daten nur, wenn Sie uns diese aktiv \u00fcbermitteln, z.B. bei der Nutzung unseres Kontaktformulars oder bei der Buchung einer Reise. Die Verarbeitung erfolgt gem\u00e4\u00df Art. 6 Abs. 1 lit. b DSGVO zur Erf\u00fcllung eines Vertrags oder zur Durchf\u00fchrung vorvertraglicher Ma\u00dfnahmen.<\/p>\n<p><strong>4. Zwecke der Datenverarbeitung<\/strong><\/p>\n<p>Die Verarbeitung Ihrer personenbezogenen Daten erfolgt zur Erf\u00fcllung folgender Zwecke:<\/p>\n<ul>\n<li>Bearbeitung Ihrer Anfragen und Buchungen,<\/li>\n<li>Verbesserung unseres Serviceangebots,<\/li>\n<li>Kommunikation mit Ihnen.<\/li>\n<\/ul>\n<p><strong>5. Datenweitergabe an Dritte<\/strong><\/p>\n<p>Ihre personenbezogenen Daten werden ohne Ihre ausdr\u00fcckliche Zustimmung nicht an Dritte weitergegeben, es sei denn, dies ist zur Erf\u00fcllung unserer Dienstleistungen erforderlich oder aufgrund gesetzlicher Vorschriften verpflichtend.<\/p>\n<p><strong>6. Rechte der Betroffenen<\/strong><\/p>\n<p>Sie haben jederzeit das Recht, unentgeltlich Auskunft \u00fcber Herkunft, Empf\u00e4nger und Zweck Ihrer gespeicherten personenbezogenen Daten zu erhalten. Sie haben au\u00dferdem ein Recht, die Berichtigung, Sperrung oder L\u00f6schung dieser Daten zu verlangen. F\u00fcr weitere Informationen wenden Sie sich bitte an die oben angegebene Kontaktadresse.<\/p>\n<p><strong>7. Datensicherheit<\/strong><\/p>\n<p>Wir verwenden geeignete technische und organisatorische Sicherheitsma\u00dfnahmen, um Ihre Daten gegen Manipulation, Verlust, Zerst\u00f6rung oder unbefugten Zugriff durch Dritte zu sch\u00fctzen.<\/p>\n<p><strong>8. Aktualisierungen dieser Datenschutzerkl\u00e4rung<\/strong><\/p>\n<p>Wir behalten uns das Recht vor, diese Datenschutzerkl\u00e4rung jederzeit zu aktualisieren. Die aktuelle Version finden Sie stets auf unserer Website.<\/p>\n<p><strong>Kontakt<\/strong><\/p>\n<p>Bei weiteren Fragen zum Thema Datenschutz wenden Sie sich bitte an unseren Datenschutzbeauftragten per E-Mail an [Unesite e-mail adresu] oder telefonisch unter (089) 896 44 729.<\/p>","protected":false},"excerpt":{"rendered":"<p>1. Allgemeine Informationen Wir nehmen den Schutz Ihrer pers\u00f6nlichen Daten sehr ernst und behandeln Ihre personenbezogenen Daten vertraulich und gem\u00e4\u00df der gesetzlichen Datenschutzvorschriften sowie dieser Datenschutzerkl\u00e4rung. Wenn Sie diese Website benutzen, werden verschiedene personenbezogene Daten erhoben. Personenbezogene Daten sind Daten, mit denen Sie pers\u00f6nlich identifiziert werden k\u00f6nnen. 2. Verantwortliche Stelle Die verantwortliche Stelle f\u00fcr die [&hellip;]<\/p>","protected":false},"author":1,"featured_media":0,"parent":0,"menu_order":0,"comment_status":"closed","ping_status":"closed","template":"","meta":{"footnotes":""},"class_list":["post-2076","page","type-page","status-publish","hentry"],"_links":{"self":[{"href":"https:\/\/hidma.de\/bs\/wp-json\/wp\/v2\/pages\/2076","targetHints":{"allow":["GET"]}}],"collection":[{"href":"https:\/\/hidma.de\/bs\/wp-json\/wp\/v2\/pages"}],"about":[{"href":"https:\/\/hidma.de\/bs\/wp-json\/wp\/v2\/types\/page"}],"author":[{"embeddable":true,"href":"https:\/\/hidma.de\/bs\/wp-json\/wp\/v2\/users\/1"}],"replies":[{"embeddable":true,"href":"https:\/\/hidma.de\/bs\/wp-json\/wp\/v2\/comments?post=2076"}],"version-history":[{"count":1,"href":"https:\/\/hidma.de\/bs\/wp-json\/wp\/v2\/pages\/2076\/revisions"}],"predecessor-version":[{"id":2077,"href":"https:\/\/hidma.de\/bs\/wp-json\/wp\/v2\/pages\/2076\/revisions\/2077"}],"wp:attachment":[{"href":"https:\/\/hidma.de\/bs\/wp-json\/wp\/v2\/media?parent=2076"}],"curies":[{"name":"wp","href":"https:\/\/api.w.org\/{rel}","templated":true}]}}